{"id":10736,"date":"2019-09-28T12:58:13","date_gmt":"2019-09-28T10:58:13","guid":{"rendered":"https:\/\/aventuramusica.be\/produit\/balades-ephemeres\/"},"modified":"2026-04-11T15:28:31","modified_gmt":"2026-04-11T13:28:31","slug":"balades-ephemeres","status":"publish","type":"product","link":"https:\/\/aventuramusica.be\/en\/produit\/balades-ephemeres\/","title":{"rendered":"Balades \u00c9ph\u00e9m\u00e8res &#8211; Massot \/ Florizoone \/ Horbaczewski"},"content":{"rendered":"<p><strong>AM 007 Balades Eph\u00e9m\u00e8res<\/strong><br \/>\n<strong>Massot\/Florizoone\/Horbaczewski<\/strong><br \/>\nTuur Florizoone: chromatic accordion<br \/>\nMichel Massot: bass tuba, euphonium &amp; trombone<br \/>\nMarine Horbaczewski: cello<br \/>\n<strong>Recorded<\/strong> March 2013 by Pascale Snoeck &amp; Steven Maes at Motormusic.<br \/>\n<strong>Assistant<\/strong> Bram Heggermont<br \/>\n<strong>Mixed<\/strong> by Pascale Snoeck at &#8216;Studio Elle&#8217;<br \/>\n<strong>Mastered<\/strong> by Pieter De Wagter at Equus<br \/>\n<strong>Produced<\/strong> by Tuur Florizoone for Aventura Musica<br \/>\n<strong>Illustrations<\/strong> by Lina Kusaite<br \/>\n<strong>Photos<\/strong> by Maxime Horbaczewski, Jan Florizoone<br \/>\n<strong>Lay out<\/strong> by Christine Elinckx (A.C.G.)<\/p>\n","protected":false},"excerpt":{"rendered":"<p>AM 007 Balades Eph\u00e9m\u00e8res Massot\/Florizoone\/Horbaczewski Tuur Florizoone: chromatic accordion Michel Massot: bass tuba, euphonium &amp; trombone Marine Horbaczewski: cello Recorded March 2013 by Pascale Snoeck &amp; Steven Maes at Motormusic. [&hellip;]<\/p>\n","protected":false},"featured_media":10737,"comment_status":"closed","ping_status":"closed","template":"","meta":[],"product_brand":[],"product_cat":[96],"product_tag":[],"class_list":{"0":"post-10736","1":"product","2":"type-product","3":"status-publish","4":"has-post-thumbnail","6":"product_cat-mafloho-en","8":"first","9":"instock","10":"taxable","11":"shipping-taxable","12":"purchasable","13":"product-type-variable"},"jetpack_sharing_enabled":true,"_links":{"self":[{"href":"https:\/\/aventuramusica.be\/en\/wp-json\/wp\/v2\/product\/10736","targetHints":{"allow":["GET"]}}],"collection":[{"href":"https:\/\/aventuramusica.be\/en\/wp-json\/wp\/v2\/product"}],"about":[{"href":"https:\/\/aventuramusica.be\/en\/wp-json\/wp\/v2\/types\/product"}],"replies":[{"embeddable":true,"href":"https:\/\/aventuramusica.be\/en\/wp-json\/wp\/v2\/comments?post=10736"}],"wp:featuredmedia":[{"embeddable":true,"href":"https:\/\/aventuramusica.be\/en\/wp-json\/wp\/v2\/media\/10737"}],"wp:attachment":[{"href":"https:\/\/aventuramusica.be\/en\/wp-json\/wp\/v2\/media?parent=10736"}],"wp:term":[{"taxonomy":"product_brand","embeddable":true,"href":"https:\/\/aventuramusica.be\/en\/wp-json\/wp\/v2\/product_brand?post=10736"},{"taxonomy":"product_cat","embeddable":true,"href":"https:\/\/aventuramusica.be\/en\/wp-json\/wp\/v2\/product_cat?post=10736"},{"taxonomy":"product_tag","embeddable":true,"href":"https:\/\/aventuramusica.be\/en\/wp-json\/wp\/v2\/product_tag?post=10736"}],"curies":[{"name":"wp","href":"https:\/\/api.w.org\/{rel}","templated":true}]}}