{"id":10714,"date":"2024-09-13T15:59:04","date_gmt":"2024-09-13T13:59:04","guid":{"rendered":"https:\/\/aventuramusica.be\/produit\/lignes-de-fuite-massot-florizoone-horbaczewski\/"},"modified":"2026-04-11T15:39:46","modified_gmt":"2026-04-11T13:39:46","slug":"lignes-de-fuite-massot-florizoone-horbaczewski","status":"publish","type":"product","link":"https:\/\/aventuramusica.be\/en\/produit\/lignes-de-fuite-massot-florizoone-horbaczewski\/","title":{"rendered":"Lignes de fuite &#8211; Massot \/ Florizoone \/ Horbaczewski"},"content":{"rendered":"<p><strong>Tuur Florizoone : <\/strong>Chromatic accordion<strong><br \/>\nMarine Horbaczewski<\/strong> : Cello<br \/>\n<strong>Michel Massot<\/strong> : Sousaphone, trombone &amp; euphonium<\/p>\n<p>Tracks \/ composers<\/p>\n<p>1. L\u2019ami (Marine Horbaczewski)<br \/>\n2. Chocolaterie (Michel Massot)<br \/>\n3. Gezapig (Tuur Florizoone)<br \/>\n4. Arbois (Tuur Florizoone)<br \/>\n5. Cascade (Michel Massot)<br \/>\n6. Praline (Michel Massot)<br \/>\n7. Vibration (Michel Massot)<br \/>\n8. Nord (Tuur Florizoone)<br \/>\n9. Maroc (Tuur Florizoone)<br \/>\n10. Amer (Marine Horbaczewski)<br \/>\n11. Midi Express (Michel Massot)<br \/>\n12. Inde (Tuur Florizoone)<br \/>\n13. Valse de la Brasserie (Michel Massot)<br \/>\n14. L\u2019envol (Marine Horbaczewski)<\/p>\n<p>Arranged by<br \/>\nMassot\/Florizoone\/Horbaczewski<\/p>\n<p><strong>Recorded<\/strong> May 2024 by Stef Van Alsenoy at VRT Toots Studio and by Tuur Florizoone at Studio des Rameurs<br \/>\n<strong>Mixed<\/strong> Etienne Plumer at Studio Sacha<br \/>\n<strong>Mastered<\/strong> Fr\u00e9d\u00e9ric Alstadt &#8211; \u00c5ngstr\u00f6m mastering<br \/>\n<strong>Produced<\/strong> Tuur Florizoone for Aventura Musica<br \/>\n<strong>Photography<\/strong> Femke den Hollander<br \/>\n<strong>Illustrations<\/strong> Lina Kusaite<br \/>\n<strong>Lay-out<\/strong> Christine Elinckx (ACG)<\/p>\n","protected":false},"excerpt":{"rendered":"<p>Tuur Florizoone : Chromatic accordion Marine Horbaczewski : Cello Michel Massot : Sousaphone, trombone &amp; euphonium Tracks \/ composers 1. L\u2019ami (Marine Horbaczewski) 2. Chocolaterie (Michel Massot) 3. Gezapig (Tuur [&hellip;]<\/p>\n","protected":false},"featured_media":10684,"comment_status":"closed","ping_status":"closed","template":"","meta":[],"product_brand":[],"product_cat":[96],"product_tag":[],"class_list":{"0":"post-10714","1":"product","2":"type-product","3":"status-publish","4":"has-post-thumbnail","6":"product_cat-mafloho-en","7":"product_shipping_class-vinyle","9":"first","10":"instock","11":"taxable","12":"shipping-taxable","13":"purchasable","14":"product-type-variable"},"jetpack_sharing_enabled":true,"_links":{"self":[{"href":"https:\/\/aventuramusica.be\/en\/wp-json\/wp\/v2\/product\/10714","targetHints":{"allow":["GET"]}}],"collection":[{"href":"https:\/\/aventuramusica.be\/en\/wp-json\/wp\/v2\/product"}],"about":[{"href":"https:\/\/aventuramusica.be\/en\/wp-json\/wp\/v2\/types\/product"}],"replies":[{"embeddable":true,"href":"https:\/\/aventuramusica.be\/en\/wp-json\/wp\/v2\/comments?post=10714"}],"wp:featuredmedia":[{"embeddable":true,"href":"https:\/\/aventuramusica.be\/en\/wp-json\/wp\/v2\/media\/10684"}],"wp:attachment":[{"href":"https:\/\/aventuramusica.be\/en\/wp-json\/wp\/v2\/media?parent=10714"}],"wp:term":[{"taxonomy":"product_brand","embeddable":true,"href":"https:\/\/aventuramusica.be\/en\/wp-json\/wp\/v2\/product_brand?post=10714"},{"taxonomy":"product_cat","embeddable":true,"href":"https:\/\/aventuramusica.be\/en\/wp-json\/wp\/v2\/product_cat?post=10714"},{"taxonomy":"product_tag","embeddable":true,"href":"https:\/\/aventuramusica.be\/en\/wp-json\/wp\/v2\/product_tag?post=10714"}],"curies":[{"name":"wp","href":"https:\/\/api.w.org\/{rel}","templated":true}]}}